{"id":1089,"date":"2018-09-12T00:02:17","date_gmt":"2018-09-12T00:02:17","guid":{"rendered":"https:\/\/www.stanoinvest.hr\/?page_id=1089"},"modified":"2018-09-12T00:02:17","modified_gmt":"2018-09-12T00:02:17","slug":"pravila-o-privatnosti","status":"publish","type":"page","link":"https:\/\/www.stanoinvest.hr\/?page_id=1089","title":{"rendered":"Pravila o privatnosti"},"content":{"rendered":"<p>[et_pb_section bb_built=&#8221;1&#8243;][et_pb_row][et_pb_column type=&#8221;4_4&#8243;][et_pb_text _builder_version=&#8221;3.14&#8243;]<\/p>\n<p>&nbsp;<\/p>\n<h2 class=\"western\">Tko smo mi<\/h2>\n<p>Adresa na\u0161e web-stranice je: <a href=\"https:\/\/www.stanoinvest.hr\">www.stanoinvest.hr<\/a><\/p>\n<h2 class=\"western\">Koje osobne podatke prikupljamo i za\u0161to<\/h2>\n<h3 class=\"western\">Komentari<\/h3>\n<p>Kada posjetitelji napi\u0161u komentar na web-stranici mi prikupljamo podatke prikazane u formi komentara, i tako\u0111er IP adresu posjetitelja kao i string korisni\u010dkog agenta preglednika kako lak\u0161e detektirali spam.<\/p>\n<p>Mogu\u0107e je da je anonimiziran string kreiran iz va\u0161e adrese e-po\u0161te (koji se tako\u0111er zove hash) dostavljen Gravatar servisu kako bi provjerili da li ga koristite. Pravila privatnosti Gravatar servisa dostupna su ovdje: <a href=\"https:\/\/automattic.com\/privacy\/\" target=\"_blank\" rel=\"noopener\">https:\/\/automattic.com\/privacy\/<\/a>. Nakon odobrenja va\u0161eg komentara, va\u0161a profilna slika je javno vidljiva u kontekstu va\u0161eg komentara.<\/p>\n<h3 class=\"western\">Medij<\/h3>\n<p>Ako prenesete sliku na web-stranicu, trebali bi izbjegavati prijenos slika koje imaju ugra\u0111ene podatke o lokaciji (EXIF GPS). Posjetitelji web-stranice mogu ih preuzeti i izdvojiti bilo koje podatke o lokaciji iz slika sa web-stranice.<\/p>\n<h3 class=\"western\">Kola\u010di\u0107i<\/h3>\n<p>Ako napi\u0161ete komentar na na\u0161oj web-stranici, mo\u017eete odabrati da spremite ime, adresu e-po\u0161te i web-stranicu u kola\u010di\u0107e. Ovo je kako bi vam olak\u0161ali ponovno komentiranje, da ne morate ponovno unositi te informacije. Ovi kola\u010di\u0107i traju godinu dana.<\/p>\n<p>Ako imate ra\u010dun i prijavite se na ovu web-stranicu, postaviti \u0107emo privremeni kola\u010di\u0107 kako bi utvrdili da li va\u0161 preglednik prihva\u0107a kola\u010di\u0107e. Ovaj kola\u010di\u0107 ne sadr\u017ei osobne podatke i bri\u0161e se kada ugasite preglednik.<\/p>\n<p>Kada se prijavite, tako\u0111er \u0107emo postaviti nekoliko kola\u010di\u0107a kako bi sa\u010duvali va\u0161e podatke o prijavi i va\u0161e postavke zaslona. Kola\u010di\u0107i prijave traju dva dana, i kola\u010di\u0107i postavki zaslona traju godinu dana. Ako odaberete \u201cZapamti me\u201d, va\u0161a prijava \u0107e trajati dva tjedna. Ako se odjavite s ra\u010duna, kola\u010di\u0107i prijave biti \u0107e uklonjeni.<\/p>\n<p>Ako uredite ili objavite \u010dlanak, dodatni kola\u010di\u0107 biti \u0107e spremljen u va\u0161em pregledniku. Ovaj kola\u010di\u0107 ne sadr\u017ei osobne podatke i samo ukazuje na ID objave \u010dlanka koji ste upravo uredili. Kola\u010di\u0107 istekne nakon 1 dana.<\/p>\n<h3 class=\"western\">Kako onemogu\u0107iti kola\u010di\u0107e?<\/h3>\n<p>Za detaljne informacije o postavkama kola\u010di\u0107a odaberite web preglednik koji koristite.<\/p>\n<p>&nbsp;<\/p>\n<ul>\n<li>\n<p style=\"margin-bottom: 0cm;\"><a href=\"https:\/\/www.google.com\/intl\/en\/chrome\/browser\/\" target=\"_self\">Chrome<\/a><\/p>\n<\/li>\n<li>\n<p style=\"margin-bottom: 0cm;\"><a href=\"http:\/\/www.mozilla.org\/en-US\/firefox\/new\/\" target=\"_self\">Firefox<\/a><\/p>\n<\/li>\n<li>\n<p style=\"margin-bottom: 0cm;\"><a href=\"http:\/\/windows.microsoft.com\/en-us\/internet-explorer\/download-ie\" target=\"_self\">Internet Explorer 11<\/a><\/p>\n<\/li>\n<li>\n<p style=\"margin-bottom: 0cm;\"><a href=\"http:\/\/www.apple.com\/safari\/\" target=\"_self\">Safari<\/a><\/p>\n<\/li>\n<li><a href=\"http:\/\/www.opera.com\/\" target=\"_self\">Opera<\/a><\/li>\n<\/ul>\n<h4 class=\"western\">Dodatne informacija oko isklju\u010divanja kola\u010di\u0107a<\/h4>\n<p>Trenutno postoji nekoliko internetskih stranica za isklju\u010divanje pohranjivanja kola\u010di\u0107a za razli\u010dite servise:<\/p>\n<p><a href=\"http:\/\/www.allaboutcookies.org\/\" target=\"_self\">http:\/\/www.allaboutcookies.org\/<\/a><br \/>\n<a href=\"http:\/\/www.allaboutcookies.org\/\" target=\"_self\">http:\/\/www.youronlinechoices.eu\/<\/a><\/p>\n<p>&nbsp;<\/p>\n<h3 class=\"western\">Ugra\u0111eni sadr\u017eaj s drugih web-stranica<\/h3>\n<p>\u010clanci na ovoj web-stranici mogu sadr\u017eavati ugra\u0111eni sadr\u017eaj (npr. video, slike, \u010dlanke, itd.). Ugra\u0111eni sadr\u017eaj sa drugih web-stranica pona\u0161a se istovjetno kao da je posjetitelj posjetio tu drugu web-stranicu.<\/p>\n<p>Ove web-stranice mo\u017eda prikupljaju podatke o vama, koriste kola\u010di\u0107e, imaju ugra\u0111eno dodatno pra\u0107enje od tre\u0107ih strana, i nadgledaju va\u0161u interakciju s tim ugra\u0111enim sadr\u017eajem, uklju\u010duju\u0107i pra\u0107enje va\u0161e interakcije s ugra\u0111enim sadr\u017eajem ako imate ra\u010dun i prijavljeni ste na web-stranici.<\/p>\n<h3 class=\"western\">Analitike<\/h3>\n<h2 class=\"western\">S kime dijelimo va\u0161e podatke<\/h2>\n<h2 class=\"western\">Koliko dugo \u010duvamo va\u0161e podatke<\/h2>\n<p>Ako napi\u0161ete komentar, komentar i njegovi meta podaci su sa\u010duvani zauvijek. To je zato da mo\u017eemo automatski prepoznati i odobriti budu\u0107e komentare, umjesto da ih dr\u017eimo na \u010dekanju za odobrenje.<\/p>\n<p>Za korisnike koji se registriraju na na\u0161oj web-stranici (ako ih ima), mi tako\u0111er pohranjujemo osobne podatke koje navedu u njihovim korisni\u010dkim profilima, Svi korisnici mogu vidjeti, urediti, ili obrisati svoje osobne podatke u bilo koje vrijeme ( osim \u0161to ne mogu promijeniti svoje korisni\u010dko ime). Administratori web-stranice tako\u0111er mogu vidjeti i urediti te informacije.<\/p>\n<h2 class=\"western\">Koja prava imate nad svojim podacima<\/h2>\n<p>Ako imate ra\u010dun na ovoj web-stranici, ili ste pisali komentare, mo\u017eete zatra\u017eiti primanje izvozne datoteke osobnih podataka koje imamo o vama, uklju\u010duju\u0107i sve podatke koje ste nam dostavili. Tako\u0111er mo\u017eete zatra\u017eiti brisanje svih osobnih podataka koje imamo o vama. Ovo ne uklju\u010duje bilo koje podatke koje smo obavezni dr\u017eati za administrativne, pravne ili sigurnosne namjene.<\/p>\n<h2 class=\"western\">Gdje \u0161aljemo va\u0161e podatke<\/h2>\n<p>Komentari posjetitelja mogu se provjeriti putem automatske usluge za otkrivanje ne\u017eeljene po\u0161te.<\/p>\n<p>[\/et_pb_text][\/et_pb_column][\/et_pb_row][\/et_pb_section]<\/p>\n","protected":false},"excerpt":{"rendered":"<p><div class=\"et_pb_row et_pb_row_0 et_pb_row_empty\">\n\t\t\t\t\n\t\t\t\t\n\t\t\t\t\n\t\t\t\t\n\t\t\t\t\n\t\t\t<\/div> &nbsp; Tko smo mi Adresa na\u0161e web-stranice je: www.stanoinvest.hr Koje osobne podatke prikupljamo i za\u0161to Komentari Kada posjetitelji napi\u0161u komentar na web-stranici mi prikupljamo podatke prikazane u formi komentara, i tako\u0111er IP adresu posjetitelja kao i string korisni\u010dkog agenta preglednika kako lak\u0161e detektirali spam. Mogu\u0107e je da je anonimiziran string kreiran iz va\u0161e adrese [&hellip;]<\/p>\n","protected":false},"author":1,"featured_media":0,"parent":0,"menu_order":0,"comment_status":"closed","ping_status":"closed","template":"","meta":{"_et_pb_use_builder":"on","_et_pb_old_content":"","_et_gb_content_width":"","footnotes":""},"class_list":["post-1089","page","type-page","status-publish","hentry"],"yoast_head":"<!-- This site is optimized with the Yoast SEO plugin v27.5 - https:\/\/yoast.com\/product\/yoast-seo-wordpress\/ -->\n<title>Pravila o privatnosti - STANOINVEST<\/title>\n<meta name=\"robots\" content=\"index, follow, max-snippet:-1, max-image-preview:large, max-video-preview:-1\" \/>\n<link rel=\"canonical\" href=\"https:\/\/www.stanoinvest.hr\/?page_id=1089\" \/>\n<meta property=\"og:locale\" content=\"en_US\" \/>\n<meta property=\"og:type\" content=\"article\" \/>\n<meta property=\"og:title\" content=\"Pravila o privatnosti - STANOINVEST\" \/>\n<meta property=\"og:description\" content=\"&nbsp; Tko smo mi Adresa na\u0161e web-stranice je: www.stanoinvest.hr Koje osobne podatke prikupljamo i za\u0161to Komentari Kada posjetitelji napi\u0161u komentar na web-stranici mi prikupljamo podatke prikazane u formi komentara, i tako\u0111er IP adresu posjetitelja kao i string korisni\u010dkog agenta preglednika kako lak\u0161e detektirali spam. Mogu\u0107e je da je anonimiziran string kreiran iz va\u0161e adrese [&hellip;]\" \/>\n<meta property=\"og:url\" content=\"https:\/\/www.stanoinvest.hr\/?page_id=1089\" \/>\n<meta property=\"og:site_name\" content=\"STANOINVEST\" \/>\n<meta name=\"twitter:card\" content=\"summary_large_image\" \/>\n<meta name=\"twitter:label1\" content=\"Est. reading time\" \/>\n\t<meta name=\"twitter:data1\" content=\"4 minutes\" \/>\n<script type=\"application\/ld+json\" class=\"yoast-schema-graph\">{\"@context\":\"https:\\\/\\\/schema.org\",\"@graph\":[{\"@type\":\"WebPage\",\"@id\":\"https:\\\/\\\/www.stanoinvest.hr\\\/?page_id=1089\",\"url\":\"https:\\\/\\\/www.stanoinvest.hr\\\/?page_id=1089\",\"name\":\"Pravila o privatnosti - STANOINVEST\",\"isPartOf\":{\"@id\":\"https:\\\/\\\/www.stanoinvest.hr\\\/#website\"},\"datePublished\":\"2018-09-12T00:02:17+00:00\",\"breadcrumb\":{\"@id\":\"https:\\\/\\\/www.stanoinvest.hr\\\/?page_id=1089#breadcrumb\"},\"inLanguage\":\"en-US\",\"potentialAction\":[{\"@type\":\"ReadAction\",\"target\":[\"https:\\\/\\\/www.stanoinvest.hr\\\/?page_id=1089\"]}]},{\"@type\":\"BreadcrumbList\",\"@id\":\"https:\\\/\\\/www.stanoinvest.hr\\\/?page_id=1089#breadcrumb\",\"itemListElement\":[{\"@type\":\"ListItem\",\"position\":1,\"name\":\"Home\",\"item\":\"https:\\\/\\\/www.stanoinvest.hr\\\/\"},{\"@type\":\"ListItem\",\"position\":2,\"name\":\"Pravila o privatnosti\"}]},{\"@type\":\"WebSite\",\"@id\":\"https:\\\/\\\/www.stanoinvest.hr\\\/#website\",\"url\":\"https:\\\/\\\/www.stanoinvest.hr\\\/\",\"name\":\"STANOINVEST\",\"description\":\"Izgradnja gra\u0111evinskih objekata i dijelova objekata | Rekonstrukcije i adaptacije | Pripremni radovi na gradili\u0161tu\",\"potentialAction\":[{\"@type\":\"SearchAction\",\"target\":{\"@type\":\"EntryPoint\",\"urlTemplate\":\"https:\\\/\\\/www.stanoinvest.hr\\\/?s={search_term_string}\"},\"query-input\":{\"@type\":\"PropertyValueSpecification\",\"valueRequired\":true,\"valueName\":\"search_term_string\"}}],\"inLanguage\":\"en-US\"}]}<\/script>\n<!-- \/ Yoast SEO plugin. -->","yoast_head_json":{"title":"Pravila o privatnosti - STANOINVEST","robots":{"index":"index","follow":"follow","max-snippet":"max-snippet:-1","max-image-preview":"max-image-preview:large","max-video-preview":"max-video-preview:-1"},"canonical":"https:\/\/www.stanoinvest.hr\/?page_id=1089","og_locale":"en_US","og_type":"article","og_title":"Pravila o privatnosti - STANOINVEST","og_description":"&nbsp; Tko smo mi Adresa na\u0161e web-stranice je: www.stanoinvest.hr Koje osobne podatke prikupljamo i za\u0161to Komentari Kada posjetitelji napi\u0161u komentar na web-stranici mi prikupljamo podatke prikazane u formi komentara, i tako\u0111er IP adresu posjetitelja kao i string korisni\u010dkog agenta preglednika kako lak\u0161e detektirali spam. Mogu\u0107e je da je anonimiziran string kreiran iz va\u0161e adrese [&hellip;]","og_url":"https:\/\/www.stanoinvest.hr\/?page_id=1089","og_site_name":"STANOINVEST","twitter_card":"summary_large_image","twitter_misc":{"Est. reading time":"4 minutes"},"schema":{"@context":"https:\/\/schema.org","@graph":[{"@type":"WebPage","@id":"https:\/\/www.stanoinvest.hr\/?page_id=1089","url":"https:\/\/www.stanoinvest.hr\/?page_id=1089","name":"Pravila o privatnosti - STANOINVEST","isPartOf":{"@id":"https:\/\/www.stanoinvest.hr\/#website"},"datePublished":"2018-09-12T00:02:17+00:00","breadcrumb":{"@id":"https:\/\/www.stanoinvest.hr\/?page_id=1089#breadcrumb"},"inLanguage":"en-US","potentialAction":[{"@type":"ReadAction","target":["https:\/\/www.stanoinvest.hr\/?page_id=1089"]}]},{"@type":"BreadcrumbList","@id":"https:\/\/www.stanoinvest.hr\/?page_id=1089#breadcrumb","itemListElement":[{"@type":"ListItem","position":1,"name":"Home","item":"https:\/\/www.stanoinvest.hr\/"},{"@type":"ListItem","position":2,"name":"Pravila o privatnosti"}]},{"@type":"WebSite","@id":"https:\/\/www.stanoinvest.hr\/#website","url":"https:\/\/www.stanoinvest.hr\/","name":"STANOINVEST","description":"Izgradnja gra\u0111evinskih objekata i dijelova objekata | Rekonstrukcije i adaptacije | Pripremni radovi na gradili\u0161tu","potentialAction":[{"@type":"SearchAction","target":{"@type":"EntryPoint","urlTemplate":"https:\/\/www.stanoinvest.hr\/?s={search_term_string}"},"query-input":{"@type":"PropertyValueSpecification","valueRequired":true,"valueName":"search_term_string"}}],"inLanguage":"en-US"}]}},"_links":{"self":[{"href":"https:\/\/www.stanoinvest.hr\/index.php?rest_route=\/wp\/v2\/pages\/1089","targetHints":{"allow":["GET"]}}],"collection":[{"href":"https:\/\/www.stanoinvest.hr\/index.php?rest_route=\/wp\/v2\/pages"}],"about":[{"href":"https:\/\/www.stanoinvest.hr\/index.php?rest_route=\/wp\/v2\/types\/page"}],"author":[{"embeddable":true,"href":"https:\/\/www.stanoinvest.hr\/index.php?rest_route=\/wp\/v2\/users\/1"}],"replies":[{"embeddable":true,"href":"https:\/\/www.stanoinvest.hr\/index.php?rest_route=%2Fwp%2Fv2%2Fcomments&post=1089"}],"version-history":[{"count":1,"href":"https:\/\/www.stanoinvest.hr\/index.php?rest_route=\/wp\/v2\/pages\/1089\/revisions"}],"predecessor-version":[{"id":1090,"href":"https:\/\/www.stanoinvest.hr\/index.php?rest_route=\/wp\/v2\/pages\/1089\/revisions\/1090"}],"wp:attachment":[{"href":"https:\/\/www.stanoinvest.hr\/index.php?rest_route=%2Fwp%2Fv2%2Fmedia&parent=1089"}],"curies":[{"name":"wp","href":"https:\/\/api.w.org\/{rel}","templated":true}]}}